{"id":112,"date":"2025-04-04T18:31:02","date_gmt":"2025-04-04T18:31:02","guid":{"rendered":"https:\/\/xn--ineglsomine-ufb.com\/?page_id=112"},"modified":"2025-04-04T21:08:15","modified_gmt":"2025-04-04T21:08:15","slug":"galeri","status":"publish","type":"page","link":"https:\/\/xn--ineglsomine-ufb.com\/?page_id=112","title":{"rendered":"Galeri"},"content":{"rendered":"<div id='gallery-1' class='gallery galleryid-112 gallery-columns-3 gallery-size-thumbnail'><figure class='gallery-item'>\n\t\t\t<div class='gallery-icon portrait'>\n\t\t\t\t<a href='https:\/\/xn--ineglsomine-ufb.com\/?attachment_id=148'><img loading=\"lazy\" decoding=\"async\" width=\"150\" height=\"150\" src=\"https:\/\/xn--ineglsomine-ufb.com\/wp-content\/uploads\/2025\/04\/481586447_1174658460959007_3870728065916658640_n-150x150.jpg\" class=\"attachment-thumbnail size-thumbnail\" alt=\"\" srcset=\"https:\/\/xn--ineglsomine-ufb.com\/wp-content\/uploads\/2025\/04\/481586447_1174658460959007_3870728065916658640_n-150x150.jpg 150w, https:\/\/xn--ineglsomine-ufb.com\/wp-content\/uploads\/2025\/04\/481586447_1174658460959007_3870728065916658640_n-300x300.jpg 300w, https:\/\/xn--ineglsomine-ufb.com\/wp-content\/uploads\/2025\/04\/481586447_1174658460959007_3870728065916658640_n-100x100.jpg 100w\" sizes=\"auto, (max-width: 150px) 100vw, 150px\" \/><\/a>\n\t\t\t<\/div><\/figure><figure class='gallery-item'>\n\t\t\t<div class='gallery-icon landscape'>\n\t\t\t\t<a href='https:\/\/xn--ineglsomine-ufb.com\/?attachment_id=147'><img loading=\"lazy\" decoding=\"async\" width=\"150\" height=\"150\" src=\"https:\/\/xn--ineglsomine-ufb.com\/wp-content\/uploads\/2025\/04\/476622191_1426647308314483_8209420707029200391_n-150x150.jpg\" class=\"attachment-thumbnail size-thumbnail\" alt=\"\" srcset=\"https:\/\/xn--ineglsomine-ufb.com\/wp-content\/uploads\/2025\/04\/476622191_1426647308314483_8209420707029200391_n-150x150.jpg 150w, https:\/\/xn--ineglsomine-ufb.com\/wp-content\/uploads\/2025\/04\/476622191_1426647308314483_8209420707029200391_n-300x300.jpg 300w, https:\/\/xn--ineglsomine-ufb.com\/wp-content\/uploads\/2025\/04\/476622191_1426647308314483_8209420707029200391_n-100x100.jpg 100w, https:\/\/xn--ineglsomine-ufb.com\/wp-content\/uploads\/2025\/04\/476622191_1426647308314483_8209420707029200391_n-600x600.jpg 600w, https:\/\/xn--ineglsomine-ufb.com\/wp-content\/uploads\/2025\/04\/476622191_1426647308314483_8209420707029200391_n-1024x1024.jpg 1024w, https:\/\/xn--ineglsomine-ufb.com\/wp-content\/uploads\/2025\/04\/476622191_1426647308314483_8209420707029200391_n-768x768.jpg 768w, https:\/\/xn--ineglsomine-ufb.com\/wp-content\/uploads\/2025\/04\/476622191_1426647308314483_8209420707029200391_n.jpg 1080w\" sizes=\"auto, (max-width: 150px) 100vw, 150px\" \/><\/a>\n\t\t\t<\/div><\/figure><figure class='gallery-item'>\n\t\t\t<div class='gallery-icon landscape'>\n\t\t\t\t<a href='https:\/\/xn--ineglsomine-ufb.com\/?attachment_id=146'><img loading=\"lazy\" decoding=\"async\" width=\"150\" height=\"150\" src=\"https:\/\/xn--ineglsomine-ufb.com\/wp-content\/uploads\/2025\/04\/476615148_926678302910803_7123343326954698458_n-150x150.jpg\" class=\"attachment-thumbnail size-thumbnail\" alt=\"\" srcset=\"https:\/\/xn--ineglsomine-ufb.com\/wp-content\/uploads\/2025\/04\/476615148_926678302910803_7123343326954698458_n-150x150.jpg 150w, https:\/\/xn--ineglsomine-ufb.com\/wp-content\/uploads\/2025\/04\/476615148_926678302910803_7123343326954698458_n-300x300.jpg 300w, https:\/\/xn--ineglsomine-ufb.com\/wp-content\/uploads\/2025\/04\/476615148_926678302910803_7123343326954698458_n-100x100.jpg 100w, https:\/\/xn--ineglsomine-ufb.com\/wp-content\/uploads\/2025\/04\/476615148_926678302910803_7123343326954698458_n-600x600.jpg 600w, https:\/\/xn--ineglsomine-ufb.com\/wp-content\/uploads\/2025\/04\/476615148_926678302910803_7123343326954698458_n-1024x1024.jpg 1024w, https:\/\/xn--ineglsomine-ufb.com\/wp-content\/uploads\/2025\/04\/476615148_926678302910803_7123343326954698458_n-768x768.jpg 768w, https:\/\/xn--ineglsomine-ufb.com\/wp-content\/uploads\/2025\/04\/476615148_926678302910803_7123343326954698458_n.jpg 1080w\" sizes=\"auto, (max-width: 150px) 100vw, 150px\" \/><\/a>\n\t\t\t<\/div><\/figure><figure class='gallery-item'>\n\t\t\t<div class='gallery-icon portrait'>\n\t\t\t\t<a href='https:\/\/xn--ineglsomine-ufb.com\/?attachment_id=77'><img loading=\"lazy\" decoding=\"async\" width=\"150\" height=\"150\" src=\"https:\/\/xn--ineglsomine-ufb.com\/wp-content\/uploads\/2025\/03\/WhatsApp-Image-2025-03-19-at-15.01.27-5-150x150.jpeg\" class=\"attachment-thumbnail size-thumbnail\" alt=\"\" srcset=\"https:\/\/xn--ineglsomine-ufb.com\/wp-content\/uploads\/2025\/03\/WhatsApp-Image-2025-03-19-at-15.01.27-5-150x150.jpeg 150w, https:\/\/xn--ineglsomine-ufb.com\/wp-content\/uploads\/2025\/03\/WhatsApp-Image-2025-03-19-at-15.01.27-5-300x300.jpeg 300w, https:\/\/xn--ineglsomine-ufb.com\/wp-content\/uploads\/2025\/03\/WhatsApp-Image-2025-03-19-at-15.01.27-5-100x100.jpeg 100w\" sizes=\"auto, (max-width: 150px) 100vw, 150px\" \/><\/a>\n\t\t\t<\/div><\/figure><figure class='gallery-item'>\n\t\t\t<div class='gallery-icon landscape'>\n\t\t\t\t<a href='https:\/\/xn--ineglsomine-ufb.com\/?attachment_id=76'><img loading=\"lazy\" decoding=\"async\" width=\"150\" height=\"150\" src=\"https:\/\/xn--ineglsomine-ufb.com\/wp-content\/uploads\/2025\/03\/WhatsApp-Image-2025-03-19-at-15.11.35-2-4-150x150.jpeg\" class=\"attachment-thumbnail size-thumbnail\" alt=\"\" srcset=\"https:\/\/xn--ineglsomine-ufb.com\/wp-content\/uploads\/2025\/03\/WhatsApp-Image-2025-03-19-at-15.11.35-2-4-150x150.jpeg 150w, https:\/\/xn--ineglsomine-ufb.com\/wp-content\/uploads\/2025\/03\/WhatsApp-Image-2025-03-19-at-15.11.35-2-4-300x300.jpeg 300w, https:\/\/xn--ineglsomine-ufb.com\/wp-content\/uploads\/2025\/03\/WhatsApp-Image-2025-03-19-at-15.11.35-2-4-100x100.jpeg 100w\" sizes=\"auto, (max-width: 150px) 100vw, 150px\" \/><\/a>\n\t\t\t<\/div><\/figure><figure class='gallery-item'>\n\t\t\t<div class='gallery-icon landscape'>\n\t\t\t\t<a href='https:\/\/xn--ineglsomine-ufb.com\/?attachment_id=72'><img loading=\"lazy\" decoding=\"async\" width=\"150\" height=\"150\" src=\"https:\/\/xn--ineglsomine-ufb.com\/wp-content\/uploads\/2025\/03\/WhatsApp-Image-2025-03-19-at-15.11.35-2-2-150x150.jpeg\" class=\"attachment-thumbnail size-thumbnail\" alt=\"\" srcset=\"https:\/\/xn--ineglsomine-ufb.com\/wp-content\/uploads\/2025\/03\/WhatsApp-Image-2025-03-19-at-15.11.35-2-2-150x150.jpeg 150w, https:\/\/xn--ineglsomine-ufb.com\/wp-content\/uploads\/2025\/03\/WhatsApp-Image-2025-03-19-at-15.11.35-2-2-300x300.jpeg 300w, https:\/\/xn--ineglsomine-ufb.com\/wp-content\/uploads\/2025\/03\/WhatsApp-Image-2025-03-19-at-15.11.35-2-2-100x100.jpeg 100w\" sizes=\"auto, (max-width: 150px) 100vw, 150px\" \/><\/a>\n\t\t\t<\/div><\/figure><figure class='gallery-item'>\n\t\t\t<div class='gallery-icon portrait'>\n\t\t\t\t<a href='https:\/\/xn--ineglsomine-ufb.com\/?attachment_id=75'><img loading=\"lazy\" decoding=\"async\" width=\"150\" height=\"150\" src=\"https:\/\/xn--ineglsomine-ufb.com\/wp-content\/uploads\/2025\/03\/WhatsApp-Image-2025-03-19-at-15.01.27-2-3-150x150.jpeg\" class=\"attachment-thumbnail size-thumbnail\" alt=\"\" srcset=\"https:\/\/xn--ineglsomine-ufb.com\/wp-content\/uploads\/2025\/03\/WhatsApp-Image-2025-03-19-at-15.01.27-2-3-150x150.jpeg 150w, https:\/\/xn--ineglsomine-ufb.com\/wp-content\/uploads\/2025\/03\/WhatsApp-Image-2025-03-19-at-15.01.27-2-3-300x300.jpeg 300w, https:\/\/xn--ineglsomine-ufb.com\/wp-content\/uploads\/2025\/03\/WhatsApp-Image-2025-03-19-at-15.01.27-2-3-100x100.jpeg 100w\" sizes=\"auto, (max-width: 150px) 100vw, 150px\" \/><\/a>\n\t\t\t<\/div><\/figure><figure class='gallery-item'>\n\t\t\t<div class='gallery-icon portrait'>\n\t\t\t\t<a href='https:\/\/xn--ineglsomine-ufb.com\/?attachment_id=69'><img loading=\"lazy\" decoding=\"async\" width=\"150\" height=\"150\" src=\"https:\/\/xn--ineglsomine-ufb.com\/wp-content\/uploads\/2025\/03\/WhatsApp-Image-2025-03-19-at-15.01.26-2-150x150.jpeg\" class=\"attachment-thumbnail size-thumbnail\" alt=\"\" srcset=\"https:\/\/xn--ineglsomine-ufb.com\/wp-content\/uploads\/2025\/03\/WhatsApp-Image-2025-03-19-at-15.01.26-2-150x150.jpeg 150w, https:\/\/xn--ineglsomine-ufb.com\/wp-content\/uploads\/2025\/03\/WhatsApp-Image-2025-03-19-at-15.01.26-2-300x300.jpeg 300w, https:\/\/xn--ineglsomine-ufb.com\/wp-content\/uploads\/2025\/03\/WhatsApp-Image-2025-03-19-at-15.01.26-2-100x100.jpeg 100w\" sizes=\"auto, (max-width: 150px) 100vw, 150px\" \/><\/a>\n\t\t\t<\/div><\/figure><figure class='gallery-item'>\n\t\t\t<div class='gallery-icon portrait'>\n\t\t\t\t<a href='https:\/\/xn--ineglsomine-ufb.com\/?attachment_id=70'><img loading=\"lazy\" decoding=\"async\" width=\"150\" height=\"150\" src=\"https:\/\/xn--ineglsomine-ufb.com\/wp-content\/uploads\/2025\/03\/WhatsApp-Image-2025-03-19-at-15.01.27-4-150x150.jpeg\" class=\"attachment-thumbnail size-thumbnail\" alt=\"\" srcset=\"https:\/\/xn--ineglsomine-ufb.com\/wp-content\/uploads\/2025\/03\/WhatsApp-Image-2025-03-19-at-15.01.27-4-150x150.jpeg 150w, https:\/\/xn--ineglsomine-ufb.com\/wp-content\/uploads\/2025\/03\/WhatsApp-Image-2025-03-19-at-15.01.27-4-300x300.jpeg 300w, https:\/\/xn--ineglsomine-ufb.com\/wp-content\/uploads\/2025\/03\/WhatsApp-Image-2025-03-19-at-15.01.27-4-100x100.jpeg 100w\" sizes=\"auto, (max-width: 150px) 100vw, 150px\" \/><\/a>\n\t\t\t<\/div><\/figure><figure class='gallery-item'>\n\t\t\t<div class='gallery-icon landscape'>\n\t\t\t\t<a href='https:\/\/xn--ineglsomine-ufb.com\/?attachment_id=62'><img loading=\"lazy\" decoding=\"async\" width=\"150\" height=\"150\" src=\"https:\/\/xn--ineglsomine-ufb.com\/wp-content\/uploads\/2025\/03\/WhatsApp-Image-2025-03-19-at-15.11.35-2-1-150x150.jpeg\" class=\"attachment-thumbnail size-thumbnail\" alt=\"\" srcset=\"https:\/\/xn--ineglsomine-ufb.com\/wp-content\/uploads\/2025\/03\/WhatsApp-Image-2025-03-19-at-15.11.35-2-1-150x150.jpeg 150w, https:\/\/xn--ineglsomine-ufb.com\/wp-content\/uploads\/2025\/03\/WhatsApp-Image-2025-03-19-at-15.11.35-2-1-300x300.jpeg 300w, https:\/\/xn--ineglsomine-ufb.com\/wp-content\/uploads\/2025\/03\/WhatsApp-Image-2025-03-19-at-15.11.35-2-1-100x100.jpeg 100w\" sizes=\"auto, (max-width: 150px) 100vw, 150px\" \/><\/a>\n\t\t\t<\/div><\/figure><figure class='gallery-item'>\n\t\t\t<div class='gallery-icon landscape'>\n\t\t\t\t<a href='https:\/\/xn--ineglsomine-ufb.com\/?attachment_id=63'><img loading=\"lazy\" decoding=\"async\" width=\"150\" height=\"150\" src=\"https:\/\/xn--ineglsomine-ufb.com\/wp-content\/uploads\/2025\/03\/WhatsApp-Image-2025-03-19-at-15.11.35-1-1-150x150.jpeg\" class=\"attachment-thumbnail size-thumbnail\" alt=\"\" srcset=\"https:\/\/xn--ineglsomine-ufb.com\/wp-content\/uploads\/2025\/03\/WhatsApp-Image-2025-03-19-at-15.11.35-1-1-150x150.jpeg 150w, https:\/\/xn--ineglsomine-ufb.com\/wp-content\/uploads\/2025\/03\/WhatsApp-Image-2025-03-19-at-15.11.35-1-1-300x300.jpeg 300w, https:\/\/xn--ineglsomine-ufb.com\/wp-content\/uploads\/2025\/03\/WhatsApp-Image-2025-03-19-at-15.11.35-1-1-100x100.jpeg 100w\" sizes=\"auto, (max-width: 150px) 100vw, 150px\" \/><\/a>\n\t\t\t<\/div><\/figure><figure class='gallery-item'>\n\t\t\t<div class='gallery-icon portrait'>\n\t\t\t\t<a href='https:\/\/xn--ineglsomine-ufb.com\/?attachment_id=61'><img loading=\"lazy\" decoding=\"async\" width=\"150\" height=\"150\" src=\"https:\/\/xn--ineglsomine-ufb.com\/wp-content\/uploads\/2025\/03\/WhatsApp-Image-2025-03-19-at-15.01.26-150x150.jpeg\" class=\"attachment-thumbnail size-thumbnail\" alt=\"\" srcset=\"https:\/\/xn--ineglsomine-ufb.com\/wp-content\/uploads\/2025\/03\/WhatsApp-Image-2025-03-19-at-15.01.26-150x150.jpeg 150w, https:\/\/xn--ineglsomine-ufb.com\/wp-content\/uploads\/2025\/03\/WhatsApp-Image-2025-03-19-at-15.01.26-300x300.jpeg 300w, https:\/\/xn--ineglsomine-ufb.com\/wp-content\/uploads\/2025\/03\/WhatsApp-Image-2025-03-19-at-15.01.26-100x100.jpeg 100w\" sizes=\"auto, (max-width: 150px) 100vw, 150px\" \/><\/a>\n\t\t\t<\/div><\/figure><figure class='gallery-item'>\n\t\t\t<div class='gallery-icon portrait'>\n\t\t\t\t<a href='https:\/\/xn--ineglsomine-ufb.com\/?attachment_id=58'><img loading=\"lazy\" decoding=\"async\" width=\"150\" height=\"150\" src=\"https:\/\/xn--ineglsomine-ufb.com\/wp-content\/uploads\/2025\/03\/WhatsApp-Image-2025-03-19-at-15.01.27-150x150.jpeg\" class=\"attachment-thumbnail size-thumbnail\" alt=\"\" srcset=\"https:\/\/xn--ineglsomine-ufb.com\/wp-content\/uploads\/2025\/03\/WhatsApp-Image-2025-03-19-at-15.01.27-150x150.jpeg 150w, https:\/\/xn--ineglsomine-ufb.com\/wp-content\/uploads\/2025\/03\/WhatsApp-Image-2025-03-19-at-15.01.27-300x300.jpeg 300w, https:\/\/xn--ineglsomine-ufb.com\/wp-content\/uploads\/2025\/03\/WhatsApp-Image-2025-03-19-at-15.01.27-100x100.jpeg 100w\" sizes=\"auto, (max-width: 150px) 100vw, 150px\" \/><\/a>\n\t\t\t<\/div><\/figure><figure class='gallery-item'>\n\t\t\t<div class='gallery-icon landscape'>\n\t\t\t\t<a href='https:\/\/xn--ineglsomine-ufb.com\/?attachment_id=60'><img loading=\"lazy\" decoding=\"async\" width=\"150\" height=\"150\" src=\"https:\/\/xn--ineglsomine-ufb.com\/wp-content\/uploads\/2025\/03\/WhatsApp-Image-2025-03-19-at-15.11.35-1-150x150.jpeg\" class=\"attachment-thumbnail size-thumbnail\" alt=\"\" srcset=\"https:\/\/xn--ineglsomine-ufb.com\/wp-content\/uploads\/2025\/03\/WhatsApp-Image-2025-03-19-at-15.11.35-1-150x150.jpeg 150w, https:\/\/xn--ineglsomine-ufb.com\/wp-content\/uploads\/2025\/03\/WhatsApp-Image-2025-03-19-at-15.11.35-1-300x300.jpeg 300w, https:\/\/xn--ineglsomine-ufb.com\/wp-content\/uploads\/2025\/03\/WhatsApp-Image-2025-03-19-at-15.11.35-1-100x100.jpeg 100w\" sizes=\"auto, (max-width: 150px) 100vw, 150px\" \/><\/a>\n\t\t\t<\/div><\/figure><figure class='gallery-item'>\n\t\t\t<div class='gallery-icon portrait'>\n\t\t\t\t<a href='https:\/\/xn--ineglsomine-ufb.com\/?attachment_id=67'><img loading=\"lazy\" decoding=\"async\" width=\"150\" height=\"150\" src=\"https:\/\/xn--ineglsomine-ufb.com\/wp-content\/uploads\/2025\/03\/WhatsApp-Image-2025-03-19-at-15.11.35-3-150x150.jpeg\" class=\"attachment-thumbnail size-thumbnail\" alt=\"\" srcset=\"https:\/\/xn--ineglsomine-ufb.com\/wp-content\/uploads\/2025\/03\/WhatsApp-Image-2025-03-19-at-15.11.35-3-150x150.jpeg 150w, https:\/\/xn--ineglsomine-ufb.com\/wp-content\/uploads\/2025\/03\/WhatsApp-Image-2025-03-19-at-15.11.35-3-300x300.jpeg 300w, https:\/\/xn--ineglsomine-ufb.com\/wp-content\/uploads\/2025\/03\/WhatsApp-Image-2025-03-19-at-15.11.35-3-100x100.jpeg 100w\" sizes=\"auto, (max-width: 150px) 100vw, 150px\" \/><\/a>\n\t\t\t<\/div><\/figure>\n\t\t<\/div>\n\n","protected":false},"excerpt":{"rendered":"","protected":false},"author":1,"featured_media":0,"parent":0,"menu_order":0,"comment_status":"closed","ping_status":"closed","template":"","meta":{"footnotes":""},"class_list":["post-112","page","type-page","status-publish","hentry"],"yoast_head":"<!-- This site is optimized with the Yoast SEO plugin v27.2 - https:\/\/yoast.com\/product\/yoast-seo-wordpress\/ -->\n<title>Galeri - ineg\u00f6lsomine.com<\/title>\n<meta name=\"robots\" content=\"index, follow, max-snippet:-1, max-image-preview:large, max-video-preview:-1\" \/>\n<link rel=\"canonical\" href=\"https:\/\/xn--ineglsomine-ufb.com\/?page_id=112\" \/>\n<meta property=\"og:locale\" content=\"tr_TR\" \/>\n<meta property=\"og:type\" content=\"article\" \/>\n<meta property=\"og:title\" content=\"Galeri - ineg\u00f6lsomine.com\" \/>\n<meta property=\"og:url\" content=\"https:\/\/xn--ineglsomine-ufb.com\/?page_id=112\" \/>\n<meta property=\"og:site_name\" content=\"ineg\u00f6lsomine.com\" \/>\n<meta property=\"article:publisher\" content=\"https:\/\/www.facebook.com\/share\/15wJikqBAQ\/\" \/>\n<meta property=\"article:modified_time\" content=\"2025-04-04T21:08:15+00:00\" \/>\n<meta property=\"og:image\" content=\"https:\/\/xn--ineglsomine-ufb.com\/wp-content\/uploads\/2025\/04\/481586447_1174658460959007_3870728065916658640_n-150x150.jpg\" \/>\n<meta name=\"twitter:card\" content=\"summary_large_image\" \/>\n<meta name=\"twitter:label1\" content=\"Tahmini okuma s\u00fcresi\" \/>\n\t<meta name=\"twitter:data1\" content=\"1 dakika\" \/>\n<script type=\"application\/ld+json\" class=\"yoast-schema-graph\">{\"@context\":\"https:\/\/schema.org\",\"@graph\":[{\"@type\":\"WebPage\",\"@id\":\"https:\/\/xn--ineglsomine-ufb.com\/?page_id=112\",\"url\":\"https:\/\/xn--ineglsomine-ufb.com\/?page_id=112\",\"name\":\"Galeri - ineg\u00f6lsomine.com\",\"isPartOf\":{\"@id\":\"https:\/\/xn--ineglsomine-ufb.com\/#website\"},\"datePublished\":\"2025-04-04T18:31:02+00:00\",\"dateModified\":\"2025-04-04T21:08:15+00:00\",\"breadcrumb\":{\"@id\":\"https:\/\/xn--ineglsomine-ufb.com\/?page_id=112#breadcrumb\"},\"inLanguage\":\"tr\",\"potentialAction\":[{\"@type\":\"ReadAction\",\"target\":[\"https:\/\/xn--ineglsomine-ufb.com\/?page_id=112\"]}]},{\"@type\":\"BreadcrumbList\",\"@id\":\"https:\/\/xn--ineglsomine-ufb.com\/?page_id=112#breadcrumb\",\"itemListElement\":[{\"@type\":\"ListItem\",\"position\":1,\"name\":\"Anasayfa\",\"item\":\"https:\/\/xn--ineglsomine-ufb.com\/\"},{\"@type\":\"ListItem\",\"position\":2,\"name\":\"Galeri\"}]},{\"@type\":\"WebSite\",\"@id\":\"https:\/\/xn--ineglsomine-ufb.com\/#website\",\"url\":\"https:\/\/xn--ineglsomine-ufb.com\/\",\"name\":\"ineg\u00f6lsomine.com\",\"description\":\"Her \u015e\u00f6mine Bir Sanat Eseri\",\"publisher\":{\"@id\":\"https:\/\/xn--ineglsomine-ufb.com\/#organization\"},\"potentialAction\":[{\"@type\":\"SearchAction\",\"target\":{\"@type\":\"EntryPoint\",\"urlTemplate\":\"https:\/\/xn--ineglsomine-ufb.com\/?s={search_term_string}\"},\"query-input\":{\"@type\":\"PropertyValueSpecification\",\"valueRequired\":true,\"valueName\":\"search_term_string\"}}],\"inLanguage\":\"tr\"},{\"@type\":\"Organization\",\"@id\":\"https:\/\/xn--ineglsomine-ufb.com\/#organization\",\"name\":\"ineg\u00f6lsomine.com\",\"url\":\"https:\/\/xn--ineglsomine-ufb.com\/\",\"logo\":{\"@type\":\"ImageObject\",\"inLanguage\":\"tr\",\"@id\":\"https:\/\/xn--ineglsomine-ufb.com\/#\/schema\/logo\/image\/\",\"url\":\"https:\/\/xn--ineglsomine-ufb.com\/wp-content\/uploads\/2025\/06\/cropped-Adsiz-tasarim-21.png\",\"contentUrl\":\"https:\/\/xn--ineglsomine-ufb.com\/wp-content\/uploads\/2025\/06\/cropped-Adsiz-tasarim-21.png\",\"width\":512,\"height\":168,\"caption\":\"ineg\u00f6lsomine.com\"},\"image\":{\"@id\":\"https:\/\/xn--ineglsomine-ufb.com\/#\/schema\/logo\/image\/\"},\"sameAs\":[\"https:\/\/www.facebook.com\/share\/15wJikqBAQ\/\",\"https:\/\/www.instagram.com\/kdr_ard\/\"]}]}<\/script>\n<!-- \/ Yoast SEO plugin. -->","yoast_head_json":{"title":"Galeri - ineg\u00f6lsomine.com","robots":{"index":"index","follow":"follow","max-snippet":"max-snippet:-1","max-image-preview":"max-image-preview:large","max-video-preview":"max-video-preview:-1"},"canonical":"https:\/\/xn--ineglsomine-ufb.com\/?page_id=112","og_locale":"tr_TR","og_type":"article","og_title":"Galeri - ineg\u00f6lsomine.com","og_url":"https:\/\/xn--ineglsomine-ufb.com\/?page_id=112","og_site_name":"ineg\u00f6lsomine.com","article_publisher":"https:\/\/www.facebook.com\/share\/15wJikqBAQ\/","article_modified_time":"2025-04-04T21:08:15+00:00","og_image":[{"url":"https:\/\/xn--ineglsomine-ufb.com\/wp-content\/uploads\/2025\/04\/481586447_1174658460959007_3870728065916658640_n-150x150.jpg","type":"","width":"","height":""}],"twitter_card":"summary_large_image","twitter_misc":{"Tahmini okuma s\u00fcresi":"1 dakika"},"schema":{"@context":"https:\/\/schema.org","@graph":[{"@type":"WebPage","@id":"https:\/\/xn--ineglsomine-ufb.com\/?page_id=112","url":"https:\/\/xn--ineglsomine-ufb.com\/?page_id=112","name":"Galeri - ineg\u00f6lsomine.com","isPartOf":{"@id":"https:\/\/xn--ineglsomine-ufb.com\/#website"},"datePublished":"2025-04-04T18:31:02+00:00","dateModified":"2025-04-04T21:08:15+00:00","breadcrumb":{"@id":"https:\/\/xn--ineglsomine-ufb.com\/?page_id=112#breadcrumb"},"inLanguage":"tr","potentialAction":[{"@type":"ReadAction","target":["https:\/\/xn--ineglsomine-ufb.com\/?page_id=112"]}]},{"@type":"BreadcrumbList","@id":"https:\/\/xn--ineglsomine-ufb.com\/?page_id=112#breadcrumb","itemListElement":[{"@type":"ListItem","position":1,"name":"Anasayfa","item":"https:\/\/xn--ineglsomine-ufb.com\/"},{"@type":"ListItem","position":2,"name":"Galeri"}]},{"@type":"WebSite","@id":"https:\/\/xn--ineglsomine-ufb.com\/#website","url":"https:\/\/xn--ineglsomine-ufb.com\/","name":"ineg\u00f6lsomine.com","description":"Her \u015e\u00f6mine Bir Sanat Eseri","publisher":{"@id":"https:\/\/xn--ineglsomine-ufb.com\/#organization"},"potentialAction":[{"@type":"SearchAction","target":{"@type":"EntryPoint","urlTemplate":"https:\/\/xn--ineglsomine-ufb.com\/?s={search_term_string}"},"query-input":{"@type":"PropertyValueSpecification","valueRequired":true,"valueName":"search_term_string"}}],"inLanguage":"tr"},{"@type":"Organization","@id":"https:\/\/xn--ineglsomine-ufb.com\/#organization","name":"ineg\u00f6lsomine.com","url":"https:\/\/xn--ineglsomine-ufb.com\/","logo":{"@type":"ImageObject","inLanguage":"tr","@id":"https:\/\/xn--ineglsomine-ufb.com\/#\/schema\/logo\/image\/","url":"https:\/\/xn--ineglsomine-ufb.com\/wp-content\/uploads\/2025\/06\/cropped-Adsiz-tasarim-21.png","contentUrl":"https:\/\/xn--ineglsomine-ufb.com\/wp-content\/uploads\/2025\/06\/cropped-Adsiz-tasarim-21.png","width":512,"height":168,"caption":"ineg\u00f6lsomine.com"},"image":{"@id":"https:\/\/xn--ineglsomine-ufb.com\/#\/schema\/logo\/image\/"},"sameAs":["https:\/\/www.facebook.com\/share\/15wJikqBAQ\/","https:\/\/www.instagram.com\/kdr_ard\/"]}]}},"jetpack_sharing_enabled":true,"_links":{"self":[{"href":"https:\/\/xn--ineglsomine-ufb.com\/index.php?rest_route=\/wp\/v2\/pages\/112","targetHints":{"allow":["GET"]}}],"collection":[{"href":"https:\/\/xn--ineglsomine-ufb.com\/index.php?rest_route=\/wp\/v2\/pages"}],"about":[{"href":"https:\/\/xn--ineglsomine-ufb.com\/index.php?rest_route=\/wp\/v2\/types\/page"}],"author":[{"embeddable":true,"href":"https:\/\/xn--ineglsomine-ufb.com\/index.php?rest_route=\/wp\/v2\/users\/1"}],"replies":[{"embeddable":true,"href":"https:\/\/xn--ineglsomine-ufb.com\/index.php?rest_route=%2Fwp%2Fv2%2Fcomments&post=112"}],"version-history":[{"count":3,"href":"https:\/\/xn--ineglsomine-ufb.com\/index.php?rest_route=\/wp\/v2\/pages\/112\/revisions"}],"predecessor-version":[{"id":150,"href":"https:\/\/xn--ineglsomine-ufb.com\/index.php?rest_route=\/wp\/v2\/pages\/112\/revisions\/150"}],"wp:attachment":[{"href":"https:\/\/xn--ineglsomine-ufb.com\/index.php?rest_route=%2Fwp%2Fv2%2Fmedia&parent=112"}],"curies":[{"name":"wp","href":"https:\/\/api.w.org\/{rel}","templated":true}]}}