{"id":162,"date":"2025-04-06T12:02:07","date_gmt":"2025-04-06T12:02:07","guid":{"rendered":"https:\/\/xn--ineglsomine-ufb.com\/?page_id=162"},"modified":"2025-04-06T12:14:26","modified_gmt":"2025-04-06T12:14:26","slug":"e-ticaret-sitemiz","status":"publish","type":"page","link":"https:\/\/xn--ineglsomine-ufb.com\/?page_id=162","title":{"rendered":"E-Ticaret Sitemiz"},"content":{"rendered":"\n<div class=\"wp-block-buttons is-layout-flex wp-block-buttons-is-layout-flex\">\n<div class=\"wp-block-button is-style-fill\"><a class=\"wp-block-button__link wp-element-button\" href=\"http:\/\/bakalimnevarmis.com\">bakalimnevarmis.com<\/a><\/div>\n<\/div>\n\n\n\n<ul class=\"wp-block-list\">\n<li><strong>\u015e\u00f6mine ve di\u011fer t\u00fcm ihtiya\u00e7lar\u0131n\u0131z i\u00e7in bakalimnevarmis.com adresinde g\u00fcvenle al\u0131\u015fveri\u015f yapabilirsiniz.<\/strong><\/li>\n<\/ul>\n\n\n\n<ul class=\"wp-block-list\">\n<li><a>\u015e\u00f6mine<\/a><\/li>\n\n\n\n<li><a>Soba<\/a><\/li>\n\n\n\n<li><a>Havaland\u0131rma ve Baca Sistemleri<\/a><\/li>\n\n\n\n<li><a>Barbek\u00fcler<\/a><\/li>\n\n\n\n<li><a>Is\u0131tma &amp; So\u011futma Sistemleri<\/a><\/li>\n\n\n\n<li><a>H\u0131rdavatlar<\/a><\/li>\n<\/ul>\n\n\n\n<p><\/p>\n","protected":false},"excerpt":{"rendered":"","protected":false},"author":1,"featured_media":0,"parent":0,"menu_order":0,"comment_status":"closed","ping_status":"closed","template":"","meta":{"footnotes":""},"class_list":["post-162","page","type-page","status-publish","hentry"],"yoast_head":"<!-- This site is optimized with the Yoast SEO plugin v27.2 - https:\/\/yoast.com\/product\/yoast-seo-wordpress\/ -->\n<title>E-Ticaret Sitemiz - ineg\u00f6lsomine.com<\/title>\n<meta name=\"robots\" content=\"index, follow, max-snippet:-1, max-image-preview:large, max-video-preview:-1\" \/>\n<link rel=\"canonical\" href=\"https:\/\/xn--ineglsomine-ufb.com\/?page_id=162\" \/>\n<meta property=\"og:locale\" content=\"tr_TR\" \/>\n<meta property=\"og:type\" content=\"article\" \/>\n<meta property=\"og:title\" content=\"E-Ticaret Sitemiz - ineg\u00f6lsomine.com\" \/>\n<meta property=\"og:url\" content=\"https:\/\/xn--ineglsomine-ufb.com\/?page_id=162\" \/>\n<meta property=\"og:site_name\" content=\"ineg\u00f6lsomine.com\" \/>\n<meta property=\"article:publisher\" content=\"https:\/\/www.facebook.com\/share\/15wJikqBAQ\/\" \/>\n<meta property=\"article:modified_time\" content=\"2025-04-06T12:14:26+00:00\" \/>\n<meta name=\"twitter:card\" content=\"summary_large_image\" \/>\n<meta name=\"twitter:label1\" content=\"Tahmini okuma s\u00fcresi\" \/>\n\t<meta name=\"twitter:data1\" content=\"1 dakika\" \/>\n<script type=\"application\/ld+json\" class=\"yoast-schema-graph\">{\"@context\":\"https:\/\/schema.org\",\"@graph\":[{\"@type\":\"WebPage\",\"@id\":\"https:\/\/xn--ineglsomine-ufb.com\/?page_id=162\",\"url\":\"https:\/\/xn--ineglsomine-ufb.com\/?page_id=162\",\"name\":\"E-Ticaret Sitemiz - ineg\u00f6lsomine.com\",\"isPartOf\":{\"@id\":\"https:\/\/xn--ineglsomine-ufb.com\/#website\"},\"datePublished\":\"2025-04-06T12:02:07+00:00\",\"dateModified\":\"2025-04-06T12:14:26+00:00\",\"breadcrumb\":{\"@id\":\"https:\/\/xn--ineglsomine-ufb.com\/?page_id=162#breadcrumb\"},\"inLanguage\":\"tr\",\"potentialAction\":[{\"@type\":\"ReadAction\",\"target\":[\"https:\/\/xn--ineglsomine-ufb.com\/?page_id=162\"]}]},{\"@type\":\"BreadcrumbList\",\"@id\":\"https:\/\/xn--ineglsomine-ufb.com\/?page_id=162#breadcrumb\",\"itemListElement\":[{\"@type\":\"ListItem\",\"position\":1,\"name\":\"Anasayfa\",\"item\":\"https:\/\/xn--ineglsomine-ufb.com\/\"},{\"@type\":\"ListItem\",\"position\":2,\"name\":\"E-Ticaret Sitemiz\"}]},{\"@type\":\"WebSite\",\"@id\":\"https:\/\/xn--ineglsomine-ufb.com\/#website\",\"url\":\"https:\/\/xn--ineglsomine-ufb.com\/\",\"name\":\"ineg\u00f6lsomine.com\",\"description\":\"Her \u015e\u00f6mine Bir Sanat Eseri\",\"publisher\":{\"@id\":\"https:\/\/xn--ineglsomine-ufb.com\/#organization\"},\"potentialAction\":[{\"@type\":\"SearchAction\",\"target\":{\"@type\":\"EntryPoint\",\"urlTemplate\":\"https:\/\/xn--ineglsomine-ufb.com\/?s={search_term_string}\"},\"query-input\":{\"@type\":\"PropertyValueSpecification\",\"valueRequired\":true,\"valueName\":\"search_term_string\"}}],\"inLanguage\":\"tr\"},{\"@type\":\"Organization\",\"@id\":\"https:\/\/xn--ineglsomine-ufb.com\/#organization\",\"name\":\"ineg\u00f6lsomine.com\",\"url\":\"https:\/\/xn--ineglsomine-ufb.com\/\",\"logo\":{\"@type\":\"ImageObject\",\"inLanguage\":\"tr\",\"@id\":\"https:\/\/xn--ineglsomine-ufb.com\/#\/schema\/logo\/image\/\",\"url\":\"https:\/\/xn--ineglsomine-ufb.com\/wp-content\/uploads\/2025\/06\/cropped-Adsiz-tasarim-21.png\",\"contentUrl\":\"https:\/\/xn--ineglsomine-ufb.com\/wp-content\/uploads\/2025\/06\/cropped-Adsiz-tasarim-21.png\",\"width\":512,\"height\":168,\"caption\":\"ineg\u00f6lsomine.com\"},\"image\":{\"@id\":\"https:\/\/xn--ineglsomine-ufb.com\/#\/schema\/logo\/image\/\"},\"sameAs\":[\"https:\/\/www.facebook.com\/share\/15wJikqBAQ\/\",\"https:\/\/www.instagram.com\/kdr_ard\/\"]}]}<\/script>\n<!-- \/ Yoast SEO plugin. -->","yoast_head_json":{"title":"E-Ticaret Sitemiz - ineg\u00f6lsomine.com","robots":{"index":"index","follow":"follow","max-snippet":"max-snippet:-1","max-image-preview":"max-image-preview:large","max-video-preview":"max-video-preview:-1"},"canonical":"https:\/\/xn--ineglsomine-ufb.com\/?page_id=162","og_locale":"tr_TR","og_type":"article","og_title":"E-Ticaret Sitemiz - ineg\u00f6lsomine.com","og_url":"https:\/\/xn--ineglsomine-ufb.com\/?page_id=162","og_site_name":"ineg\u00f6lsomine.com","article_publisher":"https:\/\/www.facebook.com\/share\/15wJikqBAQ\/","article_modified_time":"2025-04-06T12:14:26+00:00","twitter_card":"summary_large_image","twitter_misc":{"Tahmini okuma s\u00fcresi":"1 dakika"},"schema":{"@context":"https:\/\/schema.org","@graph":[{"@type":"WebPage","@id":"https:\/\/xn--ineglsomine-ufb.com\/?page_id=162","url":"https:\/\/xn--ineglsomine-ufb.com\/?page_id=162","name":"E-Ticaret Sitemiz - ineg\u00f6lsomine.com","isPartOf":{"@id":"https:\/\/xn--ineglsomine-ufb.com\/#website"},"datePublished":"2025-04-06T12:02:07+00:00","dateModified":"2025-04-06T12:14:26+00:00","breadcrumb":{"@id":"https:\/\/xn--ineglsomine-ufb.com\/?page_id=162#breadcrumb"},"inLanguage":"tr","potentialAction":[{"@type":"ReadAction","target":["https:\/\/xn--ineglsomine-ufb.com\/?page_id=162"]}]},{"@type":"BreadcrumbList","@id":"https:\/\/xn--ineglsomine-ufb.com\/?page_id=162#breadcrumb","itemListElement":[{"@type":"ListItem","position":1,"name":"Anasayfa","item":"https:\/\/xn--ineglsomine-ufb.com\/"},{"@type":"ListItem","position":2,"name":"E-Ticaret Sitemiz"}]},{"@type":"WebSite","@id":"https:\/\/xn--ineglsomine-ufb.com\/#website","url":"https:\/\/xn--ineglsomine-ufb.com\/","name":"ineg\u00f6lsomine.com","description":"Her \u015e\u00f6mine Bir Sanat Eseri","publisher":{"@id":"https:\/\/xn--ineglsomine-ufb.com\/#organization"},"potentialAction":[{"@type":"SearchAction","target":{"@type":"EntryPoint","urlTemplate":"https:\/\/xn--ineglsomine-ufb.com\/?s={search_term_string}"},"query-input":{"@type":"PropertyValueSpecification","valueRequired":true,"valueName":"search_term_string"}}],"inLanguage":"tr"},{"@type":"Organization","@id":"https:\/\/xn--ineglsomine-ufb.com\/#organization","name":"ineg\u00f6lsomine.com","url":"https:\/\/xn--ineglsomine-ufb.com\/","logo":{"@type":"ImageObject","inLanguage":"tr","@id":"https:\/\/xn--ineglsomine-ufb.com\/#\/schema\/logo\/image\/","url":"https:\/\/xn--ineglsomine-ufb.com\/wp-content\/uploads\/2025\/06\/cropped-Adsiz-tasarim-21.png","contentUrl":"https:\/\/xn--ineglsomine-ufb.com\/wp-content\/uploads\/2025\/06\/cropped-Adsiz-tasarim-21.png","width":512,"height":168,"caption":"ineg\u00f6lsomine.com"},"image":{"@id":"https:\/\/xn--ineglsomine-ufb.com\/#\/schema\/logo\/image\/"},"sameAs":["https:\/\/www.facebook.com\/share\/15wJikqBAQ\/","https:\/\/www.instagram.com\/kdr_ard\/"]}]}},"jetpack_sharing_enabled":true,"_links":{"self":[{"href":"https:\/\/xn--ineglsomine-ufb.com\/index.php?rest_route=\/wp\/v2\/pages\/162","targetHints":{"allow":["GET"]}}],"collection":[{"href":"https:\/\/xn--ineglsomine-ufb.com\/index.php?rest_route=\/wp\/v2\/pages"}],"about":[{"href":"https:\/\/xn--ineglsomine-ufb.com\/index.php?rest_route=\/wp\/v2\/types\/page"}],"author":[{"embeddable":true,"href":"https:\/\/xn--ineglsomine-ufb.com\/index.php?rest_route=\/wp\/v2\/users\/1"}],"replies":[{"embeddable":true,"href":"https:\/\/xn--ineglsomine-ufb.com\/index.php?rest_route=%2Fwp%2Fv2%2Fcomments&post=162"}],"version-history":[{"count":5,"href":"https:\/\/xn--ineglsomine-ufb.com\/index.php?rest_route=\/wp\/v2\/pages\/162\/revisions"}],"predecessor-version":[{"id":173,"href":"https:\/\/xn--ineglsomine-ufb.com\/index.php?rest_route=\/wp\/v2\/pages\/162\/revisions\/173"}],"wp:attachment":[{"href":"https:\/\/xn--ineglsomine-ufb.com\/index.php?rest_route=%2Fwp%2Fv2%2Fmedia&parent=162"}],"curies":[{"name":"wp","href":"https:\/\/api.w.org\/{rel}","templated":true}]}}