{"id":185,"date":"2025-04-06T13:03:38","date_gmt":"2025-04-06T13:03:38","guid":{"rendered":"https:\/\/xn--ineglsomine-ufb.com\/?page_id=185"},"modified":"2025-04-11T06:13:56","modified_gmt":"2025-04-11T06:13:56","slug":"sepet","status":"publish","type":"page","link":"https:\/\/xn--ineglsomine-ufb.com\/?page_id=185","title":{"rendered":"Sepet"},"content":{"rendered":"\n<div data-block-name=\"woocommerce\/cart\" class=\"wp-block-woocommerce-cart alignwide is-loading\">\n<div data-block-name=\"woocommerce\/filled-cart-block\" class=\"wp-block-woocommerce-filled-cart-block\">\n<div data-block-name=\"woocommerce\/cart-items-block\" class=\"wp-block-woocommerce-cart-items-block\">\n<div data-block-name=\"woocommerce\/cart-line-items-block\" class=\"wp-block-woocommerce-cart-line-items-block\"><\/div>\n\n\n\n<div data-block-name=\"woocommerce\/cart-cross-sells-block\" class=\"wp-block-woocommerce-cart-cross-sells-block\">\n<h2 class=\"wp-block-heading has-large-font-size\">\u0130lginizi \u00e7ekebilir\u2026<\/h2>\n\n\n\n<div data-block-name=\"woocommerce\/cart-cross-sells-products-block\" class=\"wp-block-woocommerce-cart-cross-sells-products-block\"><\/div>\n<\/div>\n<\/div>\n\n\n\n<div data-block-name=\"woocommerce\/cart-totals-block\" class=\"wp-block-woocommerce-cart-totals-block\">\n<div data-block-name=\"woocommerce\/cart-order-summary-block\" class=\"wp-block-woocommerce-cart-order-summary-block\">\n<div data-block-name=\"woocommerce\/cart-order-summary-heading-block\" class=\"wp-block-woocommerce-cart-order-summary-heading-block\"><\/div><div data-block-name=\"woocommerce\/cart-order-summary-coupon-form-block\" class=\"wp-block-woocommerce-cart-order-summary-coupon-form-block\"><\/div><div data-block-name=\"woocommerce\/cart-order-summary-totals-block\" class=\"wp-block-woocommerce-cart-order-summary-totals-block\">\n<div data-block-name=\"woocommerce\/cart-order-summary-subtotal-block\" class=\"wp-block-woocommerce-cart-order-summary-subtotal-block\"><\/div>\n<div data-block-name=\"woocommerce\/cart-order-summary-discount-block\" class=\"wp-block-woocommerce-cart-order-summary-discount-block\"><\/div>\n<div data-block-name=\"woocommerce\/cart-order-summary-fee-block\" class=\"wp-block-woocommerce-cart-order-summary-fee-block\"><\/div>\n<div data-block-name=\"woocommerce\/cart-order-summary-shipping-block\" class=\"wp-block-woocommerce-cart-order-summary-shipping-block\"><\/div>\n<div data-block-name=\"woocommerce\/cart-order-summary-taxes-block\" class=\"wp-block-woocommerce-cart-order-summary-taxes-block\"><\/div><\/div>\n<\/div>\n\n\n\n<div data-block-name=\"woocommerce\/cart-express-payment-block\" class=\"wp-block-woocommerce-cart-express-payment-block\"><\/div>\n\n\n\n<div data-block-name=\"woocommerce\/proceed-to-checkout-block\" class=\"wp-block-woocommerce-proceed-to-checkout-block\"><\/div>\n\n\n\n<div data-block-name=\"woocommerce\/cart-accepted-payment-methods-block\" class=\"wp-block-woocommerce-cart-accepted-payment-methods-block\"><\/div>\n<\/div>\n<\/div>\n\n\n\n<div data-block-name=\"woocommerce\/empty-cart-block\" class=\"wp-block-woocommerce-empty-cart-block\">\n<h2 class=\"wp-block-heading has-text-align-center with-empty-cart-icon wc-block-cart__empty-cart__title\">Sepetiniz \u015fu anda bo\u015f!<\/h2>\n\n\n\n<hr class=\"wp-block-separator has-alpha-channel-opacity is-style-dots\"\/>\n\n\n\n<h2 class=\"wp-block-heading has-text-align-center\">Ma\u011fazada yeni<\/h2>\n\n\n<div data-block-name=\"woocommerce\/product-new\" data-columns=\"4\" data-rows=\"1\" class=\"wc-block-grid wp-block-product-new wp-block-woocommerce-product-new wc-block-product-new has-4-columns\"><ul class=\"wc-block-grid__products\"><li class=\"wc-block-grid__product\">\n\t\t\t\t<a href=\"https:\/\/xn--ineglsomine-ufb.com\/?product=serra-turbo-dokum-somine-haznesi-70-lik-standart\" class=\"wc-block-grid__product-link\">\n\t\t\t\t\t<div class=\"wc-block-grid__product-onsale\">\n\t\t\t<span aria-hidden=\"true\">\u0130ndirim<\/span>\n\t\t\t<span class=\"screen-reader-text\">\u0130ndirimdeki \u00fcr\u00fcn<\/span>\n\t\t<\/div>\n\t\t\t\t\t<div class=\"wc-block-grid__product-image\"><img loading=\"lazy\" decoding=\"async\" width=\"300\" height=\"300\" src=\"https:\/\/xn--ineglsomine-ufb.com\/wp-content\/uploads\/2025\/04\/Serra-Turbo-Dokum-Somine-Haznesi-70-Lik-Standart-750x750w-300x300.jpg\" class=\"attachment-woocommerce_thumbnail size-woocommerce_thumbnail\" alt=\"Serra Turbo D\u00f6k\u00fcm \u015e\u00f6mine Haznesi 70 Lik Standart\" srcset=\"https:\/\/xn--ineglsomine-ufb.com\/wp-content\/uploads\/2025\/04\/Serra-Turbo-Dokum-Somine-Haznesi-70-Lik-Standart-750x750w-300x300.jpg 300w, https:\/\/xn--ineglsomine-ufb.com\/wp-content\/uploads\/2025\/04\/Serra-Turbo-Dokum-Somine-Haznesi-70-Lik-Standart-750x750w-150x150.jpg 150w, https:\/\/xn--ineglsomine-ufb.com\/wp-content\/uploads\/2025\/04\/Serra-Turbo-Dokum-Somine-Haznesi-70-Lik-Standart-750x750w-600x600.jpg 600w, https:\/\/xn--ineglsomine-ufb.com\/wp-content\/uploads\/2025\/04\/Serra-Turbo-Dokum-Somine-Haznesi-70-Lik-Standart-750x750w-100x100.jpg 100w, https:\/\/xn--ineglsomine-ufb.com\/wp-content\/uploads\/2025\/04\/Serra-Turbo-Dokum-Somine-Haznesi-70-Lik-Standart-750x750w.jpg 750w\" sizes=\"auto, (max-width: 300px) 100vw, 300px\" \/><\/div>\n\t\t\t\t\t<div class=\"wc-block-grid__product-title\">Serra Turbo D\u00f6k\u00fcm \u015e\u00f6mine Haznesi 70 Lik Standart<\/div>\n\t\t\t\t<\/a>\n\t\t\t\t<div class=\"wc-block-grid__product-price price\"><del aria-hidden=\"true\"><span class=\"woocommerce-Price-amount amount\"><span class=\"woocommerce-Price-currencySymbol\">&#8378;<\/span>27.275,00<\/span><\/del> <span class=\"screen-reader-text\">Orijinal fiyat: &#8378;27.275,00.<\/span><ins aria-hidden=\"true\"><span class=\"woocommerce-Price-amount amount\"><span class=\"woocommerce-Price-currencySymbol\">&#8378;<\/span>25.300,00<\/span><\/ins><span class=\"screen-reader-text\">\u015eu andaki fiyat: &#8378;25.300,00.<\/span><\/div>\n\t\t\t\t\n\t\t\t\t<div class=\"wp-block-button wc-block-grid__product-add-to-cart\"><a href=\"\/index.php?rest_route=%2Fwp%2Fv2%2Fpages%2F185&#038;add-to-cart=283\" aria-label=\"Sepete ekle: \u201cSerra Turbo D\u00f6k\u00fcm \u015e\u00f6mine Haznesi 70 Lik Standart\u201d\" data-quantity=\"1\" data-product_id=\"283\" data-product_sku=\"\" data-price=\"25300\" rel=\"nofollow\" class=\"wp-block-button__link  add_to_cart_button ajax_add_to_cart\">Sepete Ekle<\/a><\/div>\n\t\t\t<\/li><li class=\"wc-block-grid__product\">\n\t\t\t\t<a href=\"https:\/\/xn--ineglsomine-ufb.com\/?product=ribimex-cenerill-elektrikli-kul-supurgesi\" class=\"wc-block-grid__product-link\">\n\t\t\t\t\t<div class=\"wc-block-grid__product-onsale\">\n\t\t\t<span aria-hidden=\"true\">\u0130ndirim<\/span>\n\t\t\t<span class=\"screen-reader-text\">\u0130ndirimdeki \u00fcr\u00fcn<\/span>\n\t\t<\/div>\n\t\t\t\t\t<div class=\"wc-block-grid__product-image\"><img loading=\"lazy\" decoding=\"async\" width=\"300\" height=\"300\" src=\"https:\/\/xn--ineglsomine-ufb.com\/wp-content\/uploads\/2025\/04\/Ribimex-Cenerill-Elektrikli-Kul-Supurgesi-750x750h-300x300.jpeg\" class=\"attachment-woocommerce_thumbnail size-woocommerce_thumbnail\" alt=\"Ribimex Cenerill Elektrikli K\u00fcl S\u00fcp\u00fcrgesi\" srcset=\"https:\/\/xn--ineglsomine-ufb.com\/wp-content\/uploads\/2025\/04\/Ribimex-Cenerill-Elektrikli-Kul-Supurgesi-750x750h-300x300.jpeg 300w, https:\/\/xn--ineglsomine-ufb.com\/wp-content\/uploads\/2025\/04\/Ribimex-Cenerill-Elektrikli-Kul-Supurgesi-750x750h-100x100.jpeg 100w, https:\/\/xn--ineglsomine-ufb.com\/wp-content\/uploads\/2025\/04\/Ribimex-Cenerill-Elektrikli-Kul-Supurgesi-750x750h-600x600.jpeg 600w, https:\/\/xn--ineglsomine-ufb.com\/wp-content\/uploads\/2025\/04\/Ribimex-Cenerill-Elektrikli-Kul-Supurgesi-750x750h-150x150.jpeg 150w, https:\/\/xn--ineglsomine-ufb.com\/wp-content\/uploads\/2025\/04\/Ribimex-Cenerill-Elektrikli-Kul-Supurgesi-750x750h.jpeg 750w\" sizes=\"auto, (max-width: 300px) 100vw, 300px\" \/><\/div>\n\t\t\t\t\t<div class=\"wc-block-grid__product-title\">Ribimex Cenerill Elektrikli K\u00fcl S\u00fcp\u00fcrgesi<\/div>\n\t\t\t\t<\/a>\n\t\t\t\t<div class=\"wc-block-grid__product-price price\"><del aria-hidden=\"true\"><span class=\"woocommerce-Price-amount amount\"><span class=\"woocommerce-Price-currencySymbol\">&#8378;<\/span>9.000,00<\/span><\/del> <span class=\"screen-reader-text\">Orijinal fiyat: &#8378;9.000,00.<\/span><ins aria-hidden=\"true\"><span class=\"woocommerce-Price-amount amount\"><span class=\"woocommerce-Price-currencySymbol\">&#8378;<\/span>5.250,00<\/span><\/ins><span class=\"screen-reader-text\">\u015eu andaki fiyat: &#8378;5.250,00.<\/span><\/div>\n\t\t\t\t\n\t\t\t\t<div class=\"wp-block-button wc-block-grid__product-add-to-cart\"><a href=\"\/index.php?rest_route=%2Fwp%2Fv2%2Fpages%2F185&#038;add-to-cart=244\" aria-label=\"Sepete ekle: \u201cRibimex Cenerill Elektrikli K\u00fcl S\u00fcp\u00fcrgesi\u201d\" data-quantity=\"1\" data-product_id=\"244\" data-product_sku=\"\" data-price=\"5250\" rel=\"nofollow\" class=\"wp-block-button__link  add_to_cart_button ajax_add_to_cart\">Sepete Ekle<\/a><\/div>\n\t\t\t<\/li><\/ul><\/div><\/div>\n<\/div>\n","protected":false},"excerpt":{"rendered":"","protected":false},"author":1,"featured_media":0,"parent":0,"menu_order":0,"comment_status":"closed","ping_status":"closed","template":"","meta":{"footnotes":""},"class_list":["post-185","page","type-page","status-publish","hentry"],"yoast_head":"<!-- This site is optimized with the Yoast SEO plugin v27.2 - https:\/\/yoast.com\/product\/yoast-seo-wordpress\/ -->\n<title>Sepet - ineg\u00f6lsomine.com<\/title>\n<meta name=\"robots\" content=\"index, follow, max-snippet:-1, max-image-preview:large, max-video-preview:-1\" \/>\n<link rel=\"canonical\" href=\"https:\/\/xn--ineglsomine-ufb.com\/?page_id=185\" \/>\n<meta property=\"og:locale\" content=\"tr_TR\" \/>\n<meta property=\"og:type\" content=\"article\" \/>\n<meta property=\"og:title\" content=\"Sepet - ineg\u00f6lsomine.com\" \/>\n<meta property=\"og:url\" content=\"https:\/\/xn--ineglsomine-ufb.com\/?page_id=185\" \/>\n<meta property=\"og:site_name\" content=\"ineg\u00f6lsomine.com\" \/>\n<meta property=\"article:publisher\" content=\"https:\/\/www.facebook.com\/share\/15wJikqBAQ\/\" \/>\n<meta property=\"article:modified_time\" content=\"2025-04-11T06:13:56+00:00\" \/>\n<meta name=\"twitter:card\" content=\"summary_large_image\" \/>\n<script type=\"application\/ld+json\" class=\"yoast-schema-graph\">{\"@context\":\"https:\/\/schema.org\",\"@graph\":[{\"@type\":\"WebPage\",\"@id\":\"https:\/\/xn--ineglsomine-ufb.com\/?page_id=185\",\"url\":\"https:\/\/xn--ineglsomine-ufb.com\/?page_id=185\",\"name\":\"Sepet - ineg\u00f6lsomine.com\",\"isPartOf\":{\"@id\":\"https:\/\/xn--ineglsomine-ufb.com\/#website\"},\"datePublished\":\"2025-04-06T13:03:38+00:00\",\"dateModified\":\"2025-04-11T06:13:56+00:00\",\"breadcrumb\":{\"@id\":\"https:\/\/xn--ineglsomine-ufb.com\/?page_id=185#breadcrumb\"},\"inLanguage\":\"tr\",\"potentialAction\":[{\"@type\":\"ReadAction\",\"target\":[\"https:\/\/xn--ineglsomine-ufb.com\/?page_id=185\"]}]},{\"@type\":\"BreadcrumbList\",\"@id\":\"https:\/\/xn--ineglsomine-ufb.com\/?page_id=185#breadcrumb\",\"itemListElement\":[{\"@type\":\"ListItem\",\"position\":1,\"name\":\"Anasayfa\",\"item\":\"https:\/\/xn--ineglsomine-ufb.com\/\"},{\"@type\":\"ListItem\",\"position\":2,\"name\":\"Sepet\"}]},{\"@type\":\"WebSite\",\"@id\":\"https:\/\/xn--ineglsomine-ufb.com\/#website\",\"url\":\"https:\/\/xn--ineglsomine-ufb.com\/\",\"name\":\"ineg\u00f6lsomine.com\",\"description\":\"Her \u015e\u00f6mine Bir Sanat Eseri\",\"publisher\":{\"@id\":\"https:\/\/xn--ineglsomine-ufb.com\/#organization\"},\"potentialAction\":[{\"@type\":\"SearchAction\",\"target\":{\"@type\":\"EntryPoint\",\"urlTemplate\":\"https:\/\/xn--ineglsomine-ufb.com\/?s={search_term_string}\"},\"query-input\":{\"@type\":\"PropertyValueSpecification\",\"valueRequired\":true,\"valueName\":\"search_term_string\"}}],\"inLanguage\":\"tr\"},{\"@type\":\"Organization\",\"@id\":\"https:\/\/xn--ineglsomine-ufb.com\/#organization\",\"name\":\"ineg\u00f6lsomine.com\",\"url\":\"https:\/\/xn--ineglsomine-ufb.com\/\",\"logo\":{\"@type\":\"ImageObject\",\"inLanguage\":\"tr\",\"@id\":\"https:\/\/xn--ineglsomine-ufb.com\/#\/schema\/logo\/image\/\",\"url\":\"https:\/\/xn--ineglsomine-ufb.com\/wp-content\/uploads\/2025\/06\/cropped-Adsiz-tasarim-21.png\",\"contentUrl\":\"https:\/\/xn--ineglsomine-ufb.com\/wp-content\/uploads\/2025\/06\/cropped-Adsiz-tasarim-21.png\",\"width\":512,\"height\":168,\"caption\":\"ineg\u00f6lsomine.com\"},\"image\":{\"@id\":\"https:\/\/xn--ineglsomine-ufb.com\/#\/schema\/logo\/image\/\"},\"sameAs\":[\"https:\/\/www.facebook.com\/share\/15wJikqBAQ\/\",\"https:\/\/www.instagram.com\/kdr_ard\/\"]}]}<\/script>\n<!-- \/ Yoast SEO plugin. -->","yoast_head_json":{"title":"Sepet - ineg\u00f6lsomine.com","robots":{"index":"index","follow":"follow","max-snippet":"max-snippet:-1","max-image-preview":"max-image-preview:large","max-video-preview":"max-video-preview:-1"},"canonical":"https:\/\/xn--ineglsomine-ufb.com\/?page_id=185","og_locale":"tr_TR","og_type":"article","og_title":"Sepet - ineg\u00f6lsomine.com","og_url":"https:\/\/xn--ineglsomine-ufb.com\/?page_id=185","og_site_name":"ineg\u00f6lsomine.com","article_publisher":"https:\/\/www.facebook.com\/share\/15wJikqBAQ\/","article_modified_time":"2025-04-11T06:13:56+00:00","twitter_card":"summary_large_image","schema":{"@context":"https:\/\/schema.org","@graph":[{"@type":"WebPage","@id":"https:\/\/xn--ineglsomine-ufb.com\/?page_id=185","url":"https:\/\/xn--ineglsomine-ufb.com\/?page_id=185","name":"Sepet - ineg\u00f6lsomine.com","isPartOf":{"@id":"https:\/\/xn--ineglsomine-ufb.com\/#website"},"datePublished":"2025-04-06T13:03:38+00:00","dateModified":"2025-04-11T06:13:56+00:00","breadcrumb":{"@id":"https:\/\/xn--ineglsomine-ufb.com\/?page_id=185#breadcrumb"},"inLanguage":"tr","potentialAction":[{"@type":"ReadAction","target":["https:\/\/xn--ineglsomine-ufb.com\/?page_id=185"]}]},{"@type":"BreadcrumbList","@id":"https:\/\/xn--ineglsomine-ufb.com\/?page_id=185#breadcrumb","itemListElement":[{"@type":"ListItem","position":1,"name":"Anasayfa","item":"https:\/\/xn--ineglsomine-ufb.com\/"},{"@type":"ListItem","position":2,"name":"Sepet"}]},{"@type":"WebSite","@id":"https:\/\/xn--ineglsomine-ufb.com\/#website","url":"https:\/\/xn--ineglsomine-ufb.com\/","name":"ineg\u00f6lsomine.com","description":"Her \u015e\u00f6mine Bir Sanat Eseri","publisher":{"@id":"https:\/\/xn--ineglsomine-ufb.com\/#organization"},"potentialAction":[{"@type":"SearchAction","target":{"@type":"EntryPoint","urlTemplate":"https:\/\/xn--ineglsomine-ufb.com\/?s={search_term_string}"},"query-input":{"@type":"PropertyValueSpecification","valueRequired":true,"valueName":"search_term_string"}}],"inLanguage":"tr"},{"@type":"Organization","@id":"https:\/\/xn--ineglsomine-ufb.com\/#organization","name":"ineg\u00f6lsomine.com","url":"https:\/\/xn--ineglsomine-ufb.com\/","logo":{"@type":"ImageObject","inLanguage":"tr","@id":"https:\/\/xn--ineglsomine-ufb.com\/#\/schema\/logo\/image\/","url":"https:\/\/xn--ineglsomine-ufb.com\/wp-content\/uploads\/2025\/06\/cropped-Adsiz-tasarim-21.png","contentUrl":"https:\/\/xn--ineglsomine-ufb.com\/wp-content\/uploads\/2025\/06\/cropped-Adsiz-tasarim-21.png","width":512,"height":168,"caption":"ineg\u00f6lsomine.com"},"image":{"@id":"https:\/\/xn--ineglsomine-ufb.com\/#\/schema\/logo\/image\/"},"sameAs":["https:\/\/www.facebook.com\/share\/15wJikqBAQ\/","https:\/\/www.instagram.com\/kdr_ard\/"]}]}},"jetpack_sharing_enabled":true,"_links":{"self":[{"href":"https:\/\/xn--ineglsomine-ufb.com\/index.php?rest_route=\/wp\/v2\/pages\/185","targetHints":{"allow":["GET"]}}],"collection":[{"href":"https:\/\/xn--ineglsomine-ufb.com\/index.php?rest_route=\/wp\/v2\/pages"}],"about":[{"href":"https:\/\/xn--ineglsomine-ufb.com\/index.php?rest_route=\/wp\/v2\/types\/page"}],"author":[{"embeddable":true,"href":"https:\/\/xn--ineglsomine-ufb.com\/index.php?rest_route=\/wp\/v2\/users\/1"}],"replies":[{"embeddable":true,"href":"https:\/\/xn--ineglsomine-ufb.com\/index.php?rest_route=%2Fwp%2Fv2%2Fcomments&post=185"}],"version-history":[{"count":1,"href":"https:\/\/xn--ineglsomine-ufb.com\/index.php?rest_route=\/wp\/v2\/pages\/185\/revisions"}],"predecessor-version":[{"id":286,"href":"https:\/\/xn--ineglsomine-ufb.com\/index.php?rest_route=\/wp\/v2\/pages\/185\/revisions\/286"}],"wp:attachment":[{"href":"https:\/\/xn--ineglsomine-ufb.com\/index.php?rest_route=%2Fwp%2Fv2%2Fmedia&parent=185"}],"curies":[{"name":"wp","href":"https:\/\/api.w.org\/{rel}","templated":true}]}}