{"id":21,"date":"2025-03-19T12:45:21","date_gmt":"2025-03-19T12:45:21","guid":{"rendered":"http:\/\/xn--ineglsomine-ufb.com\/?page_id=21"},"modified":"2025-03-19T12:45:21","modified_gmt":"2025-03-19T12:45:21","slug":"home","status":"publish","type":"page","link":"https:\/\/xn--ineglsomine-ufb.com\/","title":{"rendered":"Home"},"content":{"rendered":"","protected":false},"excerpt":{"rendered":"","protected":false},"author":1,"featured_media":0,"parent":0,"menu_order":0,"comment_status":"closed","ping_status":"closed","template":"templates\/template-homepage.php","meta":{"footnotes":""},"class_list":["post-21","page","type-page","status-publish","hentry"],"yoast_head":"<!-- This site is optimized with the Yoast SEO plugin v27.2 - https:\/\/yoast.com\/product\/yoast-seo-wordpress\/ -->\n<title>Home - ineg\u00f6lsomine.com<\/title>\n<meta name=\"robots\" content=\"index, follow, max-snippet:-1, max-image-preview:large, max-video-preview:-1\" \/>\n<link rel=\"canonical\" href=\"https:\/\/xn--ineglsomine-ufb.com\/\" \/>\n<meta property=\"og:locale\" content=\"tr_TR\" \/>\n<meta property=\"og:type\" content=\"article\" \/>\n<meta property=\"og:title\" content=\"Home - ineg\u00f6lsomine.com\" \/>\n<meta property=\"og:url\" content=\"https:\/\/xn--ineglsomine-ufb.com\/\" \/>\n<meta property=\"og:site_name\" content=\"ineg\u00f6lsomine.com\" \/>\n<meta property=\"article:publisher\" content=\"https:\/\/www.facebook.com\/share\/15wJikqBAQ\/\" \/>\n<meta name=\"twitter:card\" content=\"summary_large_image\" \/>\n<script type=\"application\/ld+json\" class=\"yoast-schema-graph\">{\"@context\":\"https:\/\/schema.org\",\"@graph\":[{\"@type\":\"WebPage\",\"@id\":\"https:\/\/xn--ineglsomine-ufb.com\/\",\"url\":\"https:\/\/xn--ineglsomine-ufb.com\/\",\"name\":\"Home - ineg\u00f6lsomine.com\",\"isPartOf\":{\"@id\":\"https:\/\/xn--ineglsomine-ufb.com\/#website\"},\"datePublished\":\"2025-03-19T12:45:21+00:00\",\"breadcrumb\":{\"@id\":\"https:\/\/xn--ineglsomine-ufb.com\/#breadcrumb\"},\"inLanguage\":\"tr\",\"potentialAction\":[{\"@type\":\"ReadAction\",\"target\":[\"https:\/\/xn--ineglsomine-ufb.com\/\"]}]},{\"@type\":\"BreadcrumbList\",\"@id\":\"https:\/\/xn--ineglsomine-ufb.com\/#breadcrumb\",\"itemListElement\":[{\"@type\":\"ListItem\",\"position\":1,\"name\":\"Anasayfa\",\"item\":\"https:\/\/xn--ineglsomine-ufb.com\/\"},{\"@type\":\"ListItem\",\"position\":2,\"name\":\"Home\"}]},{\"@type\":\"WebSite\",\"@id\":\"https:\/\/xn--ineglsomine-ufb.com\/#website\",\"url\":\"https:\/\/xn--ineglsomine-ufb.com\/\",\"name\":\"ineg\u00f6lsomine.com\",\"description\":\"Her \u015e\u00f6mine Bir Sanat Eseri\",\"publisher\":{\"@id\":\"https:\/\/xn--ineglsomine-ufb.com\/#organization\"},\"potentialAction\":[{\"@type\":\"SearchAction\",\"target\":{\"@type\":\"EntryPoint\",\"urlTemplate\":\"https:\/\/xn--ineglsomine-ufb.com\/?s={search_term_string}\"},\"query-input\":{\"@type\":\"PropertyValueSpecification\",\"valueRequired\":true,\"valueName\":\"search_term_string\"}}],\"inLanguage\":\"tr\"},{\"@type\":\"Organization\",\"@id\":\"https:\/\/xn--ineglsomine-ufb.com\/#organization\",\"name\":\"ineg\u00f6lsomine.com\",\"url\":\"https:\/\/xn--ineglsomine-ufb.com\/\",\"logo\":{\"@type\":\"ImageObject\",\"inLanguage\":\"tr\",\"@id\":\"https:\/\/xn--ineglsomine-ufb.com\/#\/schema\/logo\/image\/\",\"url\":\"https:\/\/xn--ineglsomine-ufb.com\/wp-content\/uploads\/2025\/06\/cropped-Adsiz-tasarim-21.png\",\"contentUrl\":\"https:\/\/xn--ineglsomine-ufb.com\/wp-content\/uploads\/2025\/06\/cropped-Adsiz-tasarim-21.png\",\"width\":512,\"height\":168,\"caption\":\"ineg\u00f6lsomine.com\"},\"image\":{\"@id\":\"https:\/\/xn--ineglsomine-ufb.com\/#\/schema\/logo\/image\/\"},\"sameAs\":[\"https:\/\/www.facebook.com\/share\/15wJikqBAQ\/\",\"https:\/\/www.instagram.com\/kdr_ard\/\"]}]}<\/script>\n<!-- \/ Yoast SEO plugin. -->","yoast_head_json":{"title":"Home - ineg\u00f6lsomine.com","robots":{"index":"index","follow":"follow","max-snippet":"max-snippet:-1","max-image-preview":"max-image-preview:large","max-video-preview":"max-video-preview:-1"},"canonical":"https:\/\/xn--ineglsomine-ufb.com\/","og_locale":"tr_TR","og_type":"article","og_title":"Home - ineg\u00f6lsomine.com","og_url":"https:\/\/xn--ineglsomine-ufb.com\/","og_site_name":"ineg\u00f6lsomine.com","article_publisher":"https:\/\/www.facebook.com\/share\/15wJikqBAQ\/","twitter_card":"summary_large_image","schema":{"@context":"https:\/\/schema.org","@graph":[{"@type":"WebPage","@id":"https:\/\/xn--ineglsomine-ufb.com\/","url":"https:\/\/xn--ineglsomine-ufb.com\/","name":"Home - ineg\u00f6lsomine.com","isPartOf":{"@id":"https:\/\/xn--ineglsomine-ufb.com\/#website"},"datePublished":"2025-03-19T12:45:21+00:00","breadcrumb":{"@id":"https:\/\/xn--ineglsomine-ufb.com\/#breadcrumb"},"inLanguage":"tr","potentialAction":[{"@type":"ReadAction","target":["https:\/\/xn--ineglsomine-ufb.com\/"]}]},{"@type":"BreadcrumbList","@id":"https:\/\/xn--ineglsomine-ufb.com\/#breadcrumb","itemListElement":[{"@type":"ListItem","position":1,"name":"Anasayfa","item":"https:\/\/xn--ineglsomine-ufb.com\/"},{"@type":"ListItem","position":2,"name":"Home"}]},{"@type":"WebSite","@id":"https:\/\/xn--ineglsomine-ufb.com\/#website","url":"https:\/\/xn--ineglsomine-ufb.com\/","name":"ineg\u00f6lsomine.com","description":"Her \u015e\u00f6mine Bir Sanat Eseri","publisher":{"@id":"https:\/\/xn--ineglsomine-ufb.com\/#organization"},"potentialAction":[{"@type":"SearchAction","target":{"@type":"EntryPoint","urlTemplate":"https:\/\/xn--ineglsomine-ufb.com\/?s={search_term_string}"},"query-input":{"@type":"PropertyValueSpecification","valueRequired":true,"valueName":"search_term_string"}}],"inLanguage":"tr"},{"@type":"Organization","@id":"https:\/\/xn--ineglsomine-ufb.com\/#organization","name":"ineg\u00f6lsomine.com","url":"https:\/\/xn--ineglsomine-ufb.com\/","logo":{"@type":"ImageObject","inLanguage":"tr","@id":"https:\/\/xn--ineglsomine-ufb.com\/#\/schema\/logo\/image\/","url":"https:\/\/xn--ineglsomine-ufb.com\/wp-content\/uploads\/2025\/06\/cropped-Adsiz-tasarim-21.png","contentUrl":"https:\/\/xn--ineglsomine-ufb.com\/wp-content\/uploads\/2025\/06\/cropped-Adsiz-tasarim-21.png","width":512,"height":168,"caption":"ineg\u00f6lsomine.com"},"image":{"@id":"https:\/\/xn--ineglsomine-ufb.com\/#\/schema\/logo\/image\/"},"sameAs":["https:\/\/www.facebook.com\/share\/15wJikqBAQ\/","https:\/\/www.instagram.com\/kdr_ard\/"]}]}},"jetpack_sharing_enabled":true,"_links":{"self":[{"href":"https:\/\/xn--ineglsomine-ufb.com\/index.php?rest_route=\/wp\/v2\/pages\/21","targetHints":{"allow":["GET"]}}],"collection":[{"href":"https:\/\/xn--ineglsomine-ufb.com\/index.php?rest_route=\/wp\/v2\/pages"}],"about":[{"href":"https:\/\/xn--ineglsomine-ufb.com\/index.php?rest_route=\/wp\/v2\/types\/page"}],"author":[{"embeddable":true,"href":"https:\/\/xn--ineglsomine-ufb.com\/index.php?rest_route=\/wp\/v2\/users\/1"}],"replies":[{"embeddable":true,"href":"https:\/\/xn--ineglsomine-ufb.com\/index.php?rest_route=%2Fwp%2Fv2%2Fcomments&post=21"}],"version-history":[{"count":0,"href":"https:\/\/xn--ineglsomine-ufb.com\/index.php?rest_route=\/wp\/v2\/pages\/21\/revisions"}],"wp:attachment":[{"href":"https:\/\/xn--ineglsomine-ufb.com\/index.php?rest_route=%2Fwp%2Fv2%2Fmedia&parent=21"}],"curies":[{"name":"wp","href":"https:\/\/api.w.org\/{rel}","templated":true}]}}