{"id":244,"date":"2025-04-06T13:16:13","date_gmt":"2025-04-06T13:16:13","guid":{"rendered":"https:\/\/xn--ineglsomine-ufb.com\/?post_type=product&#038;p=244"},"modified":"2026-03-18T14:14:27","modified_gmt":"2026-03-18T14:14:27","slug":"ribimex-cenerill-elektrikli-kul-supurgesi","status":"publish","type":"product","link":"https:\/\/xn--ineglsomine-ufb.com\/?product=ribimex-cenerill-elektrikli-kul-supurgesi","title":{"rendered":"Ribimex Cenerill Elektrikli K\u00fcl S\u00fcp\u00fcrgesi"},"content":{"rendered":"<p><img loading=\"lazy\" decoding=\"async\" class=\"aligncenter size-thumbnail wp-image-247\" src=\"https:\/\/xn--ineglsomine-ufb.com\/wp-content\/uploads\/2025\/04\/Ribimex-Cenerill-Elektrikli-Kul-Supurgesi-750x750h-150x150.jpeg\" alt=\"\" width=\"150\" height=\"150\" srcset=\"https:\/\/xn--ineglsomine-ufb.com\/wp-content\/uploads\/2025\/04\/Ribimex-Cenerill-Elektrikli-Kul-Supurgesi-750x750h-150x150.jpeg 150w, https:\/\/xn--ineglsomine-ufb.com\/wp-content\/uploads\/2025\/04\/Ribimex-Cenerill-Elektrikli-Kul-Supurgesi-750x750h-300x300.jpeg 300w, https:\/\/xn--ineglsomine-ufb.com\/wp-content\/uploads\/2025\/04\/Ribimex-Cenerill-Elektrikli-Kul-Supurgesi-750x750h-100x100.jpeg 100w, https:\/\/xn--ineglsomine-ufb.com\/wp-content\/uploads\/2025\/04\/Ribimex-Cenerill-Elektrikli-Kul-Supurgesi-750x750h-600x600.jpeg 600w, https:\/\/xn--ineglsomine-ufb.com\/wp-content\/uploads\/2025\/04\/Ribimex-Cenerill-Elektrikli-Kul-Supurgesi-750x750h.jpeg 750w\" sizes=\"auto, (max-width: 150px) 100vw, 150px\" \/><\/p>\n<table width=\"498\">\n<tbody>\n<tr>\n<td class=\"xl66\" width=\"498\" height=\"29\">\u015e\u00f6mine veya sobalardaki k\u00fclleri vakumlamak i\u00e7in tasarlanm\u0131\u015ft\u0131r.<\/td>\n<\/tr>\n<tr>\n<td class=\"xl66\" height=\"29\"><\/td>\n<\/tr>\n<tr>\n<td class=\"xl66\" height=\"29\">Paslanmaz \u00e7elikten 18 litrelik hazne.<\/td>\n<\/tr>\n<tr>\n<td class=\"xl66\" height=\"29\">De\u011fi\u015ftirilebilir y\u0131kanabilir Hepa filtre.<\/td>\n<\/tr>\n<tr>\n<td class=\"xl66\" height=\"29\">1,10 m esnek hortum ve 20 cm metal u\u00e7.<\/td>\n<\/tr>\n<\/tbody>\n<\/table>\n","protected":false},"excerpt":{"rendered":"<table width=\"944\">\n<tbody>\n<tr>\n<td>\u015e\u00f6mine Soba, Pelet Soba ve Barbek\u00fc Temizli\u011finde kullan\u0131l\u0131r.<\/td>\n<\/tr>\n<tr>\n<td><\/td>\n<\/tr>\n<tr>\n<td>Nas\u0131l Kullan\u0131lmal\u0131d\u0131r?<\/td>\n<\/tr>\n<tr>\n<td><\/td>\n<\/tr>\n<tr>\n<td>K\u00fcl \u00e7ekme s\u00fcp\u00fcrgeleri, k\u00f6zler ve k\u00fcller s\u00f6nm\u00fc\u015f iken kullan\u0131lmal\u0131d\u0131r. Aksi takdirde motor zarar g\u00f6rebilir.<\/td>\n<\/tr>\n<\/tbody>\n<\/table>\n","protected":false},"featured_media":247,"comment_status":"open","ping_status":"closed","template":"","meta":[],"product_brand":[],"product_cat":[23],"product_tag":[],"class_list":{"0":"post-244","1":"product","2":"type-product","3":"status-publish","4":"has-post-thumbnail","6":"product_cat-genel","8":"first","9":"instock","10":"sale","11":"shipping-taxable","12":"purchasable","13":"product-type-simple"},"yoast_head":"<!-- This site is optimized with the Yoast SEO plugin v27.2 - https:\/\/yoast.com\/product\/yoast-seo-wordpress\/ -->\n<title>Ribimex Cenerill Elektrikli K\u00fcl S\u00fcp\u00fcrgesi - ineg\u00f6lsomine.com<\/title>\n<meta name=\"robots\" content=\"index, follow, max-snippet:-1, max-image-preview:large, max-video-preview:-1\" \/>\n<link rel=\"canonical\" href=\"https:\/\/xn--ineglsomine-ufb.com\/?product=ribimex-cenerill-elektrikli-kul-supurgesi\" \/>\n<meta property=\"og:locale\" content=\"tr_TR\" \/>\n<meta property=\"og:type\" content=\"article\" \/>\n<meta property=\"og:title\" content=\"Ribimex Cenerill Elektrikli K\u00fcl S\u00fcp\u00fcrgesi - ineg\u00f6lsomine.com\" \/>\n<meta property=\"og:description\" content=\"\u015e\u00f6mine Soba, Pelet Soba ve Barbek\u00fc Temizli\u011finde kullan\u0131l\u0131r.      Nas\u0131l Kullan\u0131lmal\u0131d\u0131r?      K\u00fcl \u00e7ekme s\u00fcp\u00fcrgeleri, k\u00f6zler ve k\u00fcller s\u00f6nm\u00fc\u015f iken kullan\u0131lmal\u0131d\u0131r. Aksi takdirde motor zarar g\u00f6rebilir.\" \/>\n<meta property=\"og:url\" content=\"https:\/\/xn--ineglsomine-ufb.com\/?product=ribimex-cenerill-elektrikli-kul-supurgesi\" \/>\n<meta property=\"og:site_name\" content=\"ineg\u00f6lsomine.com\" \/>\n<meta property=\"article:publisher\" content=\"https:\/\/www.facebook.com\/share\/15wJikqBAQ\/\" \/>\n<meta property=\"article:modified_time\" content=\"2026-03-18T14:14:27+00:00\" \/>\n<meta property=\"og:image\" content=\"https:\/\/xn--ineglsomine-ufb.com\/wp-content\/uploads\/2025\/04\/Ribimex-Cenerill-Elektrikli-Kul-Supurgesi-750x750h.jpeg\" \/>\n\t<meta property=\"og:image:width\" content=\"750\" \/>\n\t<meta property=\"og:image:height\" content=\"750\" \/>\n\t<meta property=\"og:image:type\" content=\"image\/jpeg\" \/>\n<meta name=\"twitter:card\" content=\"summary_large_image\" \/>\n<meta name=\"twitter:label1\" content=\"Tahmini okuma s\u00fcresi\" \/>\n\t<meta name=\"twitter:data1\" content=\"1 dakika\" \/>\n<script type=\"application\/ld+json\" class=\"yoast-schema-graph\">{\"@context\":\"https:\/\/schema.org\",\"@graph\":[{\"@type\":\"WebPage\",\"@id\":\"https:\/\/xn--ineglsomine-ufb.com\/?product=ribimex-cenerill-elektrikli-kul-supurgesi\",\"url\":\"https:\/\/xn--ineglsomine-ufb.com\/?product=ribimex-cenerill-elektrikli-kul-supurgesi\",\"name\":\"Ribimex Cenerill Elektrikli K\u00fcl S\u00fcp\u00fcrgesi - ineg\u00f6lsomine.com\",\"isPartOf\":{\"@id\":\"https:\/\/xn--ineglsomine-ufb.com\/#website\"},\"primaryImageOfPage\":{\"@id\":\"https:\/\/xn--ineglsomine-ufb.com\/?product=ribimex-cenerill-elektrikli-kul-supurgesi#primaryimage\"},\"image\":{\"@id\":\"https:\/\/xn--ineglsomine-ufb.com\/?product=ribimex-cenerill-elektrikli-kul-supurgesi#primaryimage\"},\"thumbnailUrl\":\"https:\/\/xn--ineglsomine-ufb.com\/wp-content\/uploads\/2025\/04\/Ribimex-Cenerill-Elektrikli-Kul-Supurgesi-750x750h.jpeg\",\"datePublished\":\"2025-04-06T13:16:13+00:00\",\"dateModified\":\"2026-03-18T14:14:27+00:00\",\"breadcrumb\":{\"@id\":\"https:\/\/xn--ineglsomine-ufb.com\/?product=ribimex-cenerill-elektrikli-kul-supurgesi#breadcrumb\"},\"inLanguage\":\"tr\",\"potentialAction\":[{\"@type\":\"ReadAction\",\"target\":[\"https:\/\/xn--ineglsomine-ufb.com\/?product=ribimex-cenerill-elektrikli-kul-supurgesi\"]}]},{\"@type\":\"ImageObject\",\"inLanguage\":\"tr\",\"@id\":\"https:\/\/xn--ineglsomine-ufb.com\/?product=ribimex-cenerill-elektrikli-kul-supurgesi#primaryimage\",\"url\":\"https:\/\/xn--ineglsomine-ufb.com\/wp-content\/uploads\/2025\/04\/Ribimex-Cenerill-Elektrikli-Kul-Supurgesi-750x750h.jpeg\",\"contentUrl\":\"https:\/\/xn--ineglsomine-ufb.com\/wp-content\/uploads\/2025\/04\/Ribimex-Cenerill-Elektrikli-Kul-Supurgesi-750x750h.jpeg\",\"width\":750,\"height\":750},{\"@type\":\"BreadcrumbList\",\"@id\":\"https:\/\/xn--ineglsomine-ufb.com\/?product=ribimex-cenerill-elektrikli-kul-supurgesi#breadcrumb\",\"itemListElement\":[{\"@type\":\"ListItem\",\"position\":1,\"name\":\"Anasayfa\",\"item\":\"https:\/\/xn--ineglsomine-ufb.com\/\"},{\"@type\":\"ListItem\",\"position\":2,\"name\":\"Ribimex Cenerill Elektrikli K\u00fcl S\u00fcp\u00fcrgesi\"}]},{\"@type\":\"WebSite\",\"@id\":\"https:\/\/xn--ineglsomine-ufb.com\/#website\",\"url\":\"https:\/\/xn--ineglsomine-ufb.com\/\",\"name\":\"ineg\u00f6lsomine.com\",\"description\":\"Her \u015e\u00f6mine Bir Sanat Eseri\",\"publisher\":{\"@id\":\"https:\/\/xn--ineglsomine-ufb.com\/#organization\"},\"potentialAction\":[{\"@type\":\"SearchAction\",\"target\":{\"@type\":\"EntryPoint\",\"urlTemplate\":\"https:\/\/xn--ineglsomine-ufb.com\/?s={search_term_string}\"},\"query-input\":{\"@type\":\"PropertyValueSpecification\",\"valueRequired\":true,\"valueName\":\"search_term_string\"}}],\"inLanguage\":\"tr\"},{\"@type\":\"Organization\",\"@id\":\"https:\/\/xn--ineglsomine-ufb.com\/#organization\",\"name\":\"ineg\u00f6lsomine.com\",\"url\":\"https:\/\/xn--ineglsomine-ufb.com\/\",\"logo\":{\"@type\":\"ImageObject\",\"inLanguage\":\"tr\",\"@id\":\"https:\/\/xn--ineglsomine-ufb.com\/#\/schema\/logo\/image\/\",\"url\":\"https:\/\/xn--ineglsomine-ufb.com\/wp-content\/uploads\/2025\/06\/cropped-Adsiz-tasarim-21.png\",\"contentUrl\":\"https:\/\/xn--ineglsomine-ufb.com\/wp-content\/uploads\/2025\/06\/cropped-Adsiz-tasarim-21.png\",\"width\":512,\"height\":168,\"caption\":\"ineg\u00f6lsomine.com\"},\"image\":{\"@id\":\"https:\/\/xn--ineglsomine-ufb.com\/#\/schema\/logo\/image\/\"},\"sameAs\":[\"https:\/\/www.facebook.com\/share\/15wJikqBAQ\/\",\"https:\/\/www.instagram.com\/kdr_ard\/\"]}]}<\/script>\n<!-- \/ Yoast SEO plugin. -->","yoast_head_json":{"title":"Ribimex Cenerill Elektrikli K\u00fcl S\u00fcp\u00fcrgesi - ineg\u00f6lsomine.com","robots":{"index":"index","follow":"follow","max-snippet":"max-snippet:-1","max-image-preview":"max-image-preview:large","max-video-preview":"max-video-preview:-1"},"canonical":"https:\/\/xn--ineglsomine-ufb.com\/?product=ribimex-cenerill-elektrikli-kul-supurgesi","og_locale":"tr_TR","og_type":"article","og_title":"Ribimex Cenerill Elektrikli K\u00fcl S\u00fcp\u00fcrgesi - ineg\u00f6lsomine.com","og_description":"\u015e\u00f6mine Soba, Pelet Soba ve Barbek\u00fc Temizli\u011finde kullan\u0131l\u0131r.      Nas\u0131l Kullan\u0131lmal\u0131d\u0131r?      K\u00fcl \u00e7ekme s\u00fcp\u00fcrgeleri, k\u00f6zler ve k\u00fcller s\u00f6nm\u00fc\u015f iken kullan\u0131lmal\u0131d\u0131r. Aksi takdirde motor zarar g\u00f6rebilir.","og_url":"https:\/\/xn--ineglsomine-ufb.com\/?product=ribimex-cenerill-elektrikli-kul-supurgesi","og_site_name":"ineg\u00f6lsomine.com","article_publisher":"https:\/\/www.facebook.com\/share\/15wJikqBAQ\/","article_modified_time":"2026-03-18T14:14:27+00:00","og_image":[{"width":750,"height":750,"url":"https:\/\/xn--ineglsomine-ufb.com\/wp-content\/uploads\/2025\/04\/Ribimex-Cenerill-Elektrikli-Kul-Supurgesi-750x750h.jpeg","type":"image\/jpeg"}],"twitter_card":"summary_large_image","twitter_misc":{"Tahmini okuma s\u00fcresi":"1 dakika"},"schema":{"@context":"https:\/\/schema.org","@graph":[{"@type":"WebPage","@id":"https:\/\/xn--ineglsomine-ufb.com\/?product=ribimex-cenerill-elektrikli-kul-supurgesi","url":"https:\/\/xn--ineglsomine-ufb.com\/?product=ribimex-cenerill-elektrikli-kul-supurgesi","name":"Ribimex Cenerill Elektrikli K\u00fcl S\u00fcp\u00fcrgesi - ineg\u00f6lsomine.com","isPartOf":{"@id":"https:\/\/xn--ineglsomine-ufb.com\/#website"},"primaryImageOfPage":{"@id":"https:\/\/xn--ineglsomine-ufb.com\/?product=ribimex-cenerill-elektrikli-kul-supurgesi#primaryimage"},"image":{"@id":"https:\/\/xn--ineglsomine-ufb.com\/?product=ribimex-cenerill-elektrikli-kul-supurgesi#primaryimage"},"thumbnailUrl":"https:\/\/xn--ineglsomine-ufb.com\/wp-content\/uploads\/2025\/04\/Ribimex-Cenerill-Elektrikli-Kul-Supurgesi-750x750h.jpeg","datePublished":"2025-04-06T13:16:13+00:00","dateModified":"2026-03-18T14:14:27+00:00","breadcrumb":{"@id":"https:\/\/xn--ineglsomine-ufb.com\/?product=ribimex-cenerill-elektrikli-kul-supurgesi#breadcrumb"},"inLanguage":"tr","potentialAction":[{"@type":"ReadAction","target":["https:\/\/xn--ineglsomine-ufb.com\/?product=ribimex-cenerill-elektrikli-kul-supurgesi"]}]},{"@type":"ImageObject","inLanguage":"tr","@id":"https:\/\/xn--ineglsomine-ufb.com\/?product=ribimex-cenerill-elektrikli-kul-supurgesi#primaryimage","url":"https:\/\/xn--ineglsomine-ufb.com\/wp-content\/uploads\/2025\/04\/Ribimex-Cenerill-Elektrikli-Kul-Supurgesi-750x750h.jpeg","contentUrl":"https:\/\/xn--ineglsomine-ufb.com\/wp-content\/uploads\/2025\/04\/Ribimex-Cenerill-Elektrikli-Kul-Supurgesi-750x750h.jpeg","width":750,"height":750},{"@type":"BreadcrumbList","@id":"https:\/\/xn--ineglsomine-ufb.com\/?product=ribimex-cenerill-elektrikli-kul-supurgesi#breadcrumb","itemListElement":[{"@type":"ListItem","position":1,"name":"Anasayfa","item":"https:\/\/xn--ineglsomine-ufb.com\/"},{"@type":"ListItem","position":2,"name":"Ribimex Cenerill Elektrikli K\u00fcl S\u00fcp\u00fcrgesi"}]},{"@type":"WebSite","@id":"https:\/\/xn--ineglsomine-ufb.com\/#website","url":"https:\/\/xn--ineglsomine-ufb.com\/","name":"ineg\u00f6lsomine.com","description":"Her \u015e\u00f6mine Bir Sanat Eseri","publisher":{"@id":"https:\/\/xn--ineglsomine-ufb.com\/#organization"},"potentialAction":[{"@type":"SearchAction","target":{"@type":"EntryPoint","urlTemplate":"https:\/\/xn--ineglsomine-ufb.com\/?s={search_term_string}"},"query-input":{"@type":"PropertyValueSpecification","valueRequired":true,"valueName":"search_term_string"}}],"inLanguage":"tr"},{"@type":"Organization","@id":"https:\/\/xn--ineglsomine-ufb.com\/#organization","name":"ineg\u00f6lsomine.com","url":"https:\/\/xn--ineglsomine-ufb.com\/","logo":{"@type":"ImageObject","inLanguage":"tr","@id":"https:\/\/xn--ineglsomine-ufb.com\/#\/schema\/logo\/image\/","url":"https:\/\/xn--ineglsomine-ufb.com\/wp-content\/uploads\/2025\/06\/cropped-Adsiz-tasarim-21.png","contentUrl":"https:\/\/xn--ineglsomine-ufb.com\/wp-content\/uploads\/2025\/06\/cropped-Adsiz-tasarim-21.png","width":512,"height":168,"caption":"ineg\u00f6lsomine.com"},"image":{"@id":"https:\/\/xn--ineglsomine-ufb.com\/#\/schema\/logo\/image\/"},"sameAs":["https:\/\/www.facebook.com\/share\/15wJikqBAQ\/","https:\/\/www.instagram.com\/kdr_ard\/"]}]}},"jetpack_sharing_enabled":true,"_links":{"self":[{"href":"https:\/\/xn--ineglsomine-ufb.com\/index.php?rest_route=\/wp\/v2\/product\/244","targetHints":{"allow":["GET"]}}],"collection":[{"href":"https:\/\/xn--ineglsomine-ufb.com\/index.php?rest_route=\/wp\/v2\/product"}],"about":[{"href":"https:\/\/xn--ineglsomine-ufb.com\/index.php?rest_route=\/wp\/v2\/types\/product"}],"replies":[{"embeddable":true,"href":"https:\/\/xn--ineglsomine-ufb.com\/index.php?rest_route=%2Fwp%2Fv2%2Fcomments&post=244"}],"wp:featuredmedia":[{"embeddable":true,"href":"https:\/\/xn--ineglsomine-ufb.com\/index.php?rest_route=\/wp\/v2\/media\/247"}],"wp:attachment":[{"href":"https:\/\/xn--ineglsomine-ufb.com\/index.php?rest_route=%2Fwp%2Fv2%2Fmedia&parent=244"}],"wp:term":[{"taxonomy":"product_brand","embeddable":true,"href":"https:\/\/xn--ineglsomine-ufb.com\/index.php?rest_route=%2Fwp%2Fv2%2Fproduct_brand&post=244"},{"taxonomy":"product_cat","embeddable":true,"href":"https:\/\/xn--ineglsomine-ufb.com\/index.php?rest_route=%2Fwp%2Fv2%2Fproduct_cat&post=244"},{"taxonomy":"product_tag","embeddable":true,"href":"https:\/\/xn--ineglsomine-ufb.com\/index.php?rest_route=%2Fwp%2Fv2%2Fproduct_tag&post=244"}],"curies":[{"name":"wp","href":"https:\/\/api.w.org\/{rel}","templated":true}]}}